{"id":118,"date":"2017-11-14T16:10:08","date_gmt":"2017-11-14T15:10:08","guid":{"rendered":"http:\/\/ursustv.pl\/nowa\/?page_id=118"},"modified":"2025-01-12T16:09:40","modified_gmt":"2025-01-12T15:09:40","slug":"kontakt","status":"publish","type":"page","link":"https:\/\/ursustv.pl\/index.php\/kontakt\/","title":{"rendered":"Kontakt"},"content":{"rendered":"<p>[et_pb_section fb_built=&#8221;1&#8243; _builder_version=&#8221;4.27.4&#8243; custom_padding=&#8221;||97px|||&#8221; global_colors_info=&#8221;{}&#8221;][et_pb_row column_structure=&#8221;1_3,1_3,1_3&#8243; _builder_version=&#8221;4.27.4&#8243; background_size=&#8221;initial&#8221; background_position=&#8221;top_left&#8221; background_repeat=&#8221;repeat&#8221; global_colors_info=&#8221;{}&#8221;][et_pb_column type=&#8221;1_3&#8243; _builder_version=&#8221;4.16&#8243; custom_padding=&#8221;|||&#8221; global_colors_info=&#8221;{}&#8221; custom_padding__hover=&#8221;|||&#8221;][et_pb_text _builder_version=&#8221;4.16&#8243; global_colors_info=&#8221;{}&#8221;]<\/p>\n<p>Kontakt z redakcj\u0105: <a href=\"mailto:redakcja@ursustv.pl\">redakcja@ursustv.pl<\/a><\/p>\n<p>Dzia\u0142 Marketingu: <a href=\"mailto:reklama@ursustv.pl\">reklama@ursustv.pl<\/a><\/p>\n<p><span style=\"font-size: 14px;\"><\/span><\/p>\n<p><span style=\"font-size: 14px;\">Je\u017celi jeste\u015b zainteresowany <\/span><strong style=\"font-size: 14px;\">u\u017cyciem naszych materia\u0142\u00f3w<\/strong><span style=\"font-size: 14px;\"> do w\u0142asnych cel\u00f3w prosimy o kontakt! Je\u015bli uwa\u017casz, \u017ce to co dzieje si\u0119 na twojej ulicy czy w\u015br\u00f3d twoich znajomych jest warte pokazania innym \u2013 nie wahaj si\u0119 poinformuj nas.<\/span><\/p>\n<p>&nbsp;<\/p>\n<p><span>Ch\u0119tnie obejmiemy <strong>patronatem medialnym<\/strong> ciekawe imprezy i inicjatywy. Je\u015bli organizujecie Pa\u0144stwo koncert, wystaw\u0119, spotkanie, akcj\u0119 spo\u0142eczn\u0105 lub jakiekolwiek inne wydarzenie skierowane do szerokiego grona odbiorc\u00f3w, zapraszamy do wsp\u00f3\u0142pracy.<br \/><\/span><\/p>\n<p><a href=\"https:\/\/ursustv.pl\/wp-content\/uploads\/2019\/03\/Patronat-Medialny-URSUSTV.pdf\" title=\"Oferta patronatu medialnego.\"><span>Oferta patronatu medialnego.<\/span><\/a><\/p>\n<p>[\/et_pb_text][\/et_pb_column][et_pb_column type=&#8221;1_3&#8243; _builder_version=&#8221;4.16&#8243; custom_padding=&#8221;|||&#8221; global_colors_info=&#8221;{}&#8221; custom_padding__hover=&#8221;|||&#8221;][et_pb_text _builder_version=&#8221;4.27.4&#8243; global_colors_info=&#8221;{}&#8221;]<\/p>\n<p>Proponujemy kilka mo\u017cliwo\u015bci<strong> reklamy<\/strong> na stronach telewizji internetowej ursustv.pl<\/p>\n<p>1. Reklama filmowa\/planszowa przed filmami Za pomoc\u0105 grafiki lub filmu firmy mog\u0105 przedstawi\u0107 swoj\u0105 ofert\u0119, kt\u00f3ra b\u0119dzie wy\u015bwietla\u0107 si\u0119 bezpo\u015brednio przed materia\u0142ami filmowymi, kt\u00f3re ogl\u0105daj\u0105 internauci. Istnieje mo\u017cliwo\u015b\u0107 wybrania okre\u015blonego kana\u0142u tematycznego, na kt\u00f3rym b\u0119dzie emisja reklamy.<\/p>\n<p><span style=\"font-size: 14px;\">2. Banery Reklama za pomoc\u0105 baner\u00f3w na stronie g\u0142\u00f3wnej lub okre\u015blonego kana\u0142u.<\/p>\n<p><\/span><span style=\"font-size: 14px;\">3. Sponsorowane audycje Firmy mog\u0105 zosta\u0107 sponsorem okre\u015blonych program\u00f3w, kt\u00f3re produkuje UrsusTV. Ka\u017cdy film sponsorowany b\u0119dzie opatrzony informacj\u0105 graficzn\u0105 i d\u017awi\u0119kow\u0105 o sponsorze programu.<\/span><\/p>\n<p><a href=\"https:\/\/ursustv.pl\/wp-content\/uploads\/2019\/03\/Oferta-reklamowa-URSUSTV.pdf\">Oferta reklamowa.<\/a><\/p>\n<p>&nbsp;<\/p>\n<p>[\/et_pb_text][\/et_pb_column][et_pb_column type=&#8221;1_3&#8243; _builder_version=&#8221;4.16&#8243; custom_padding=&#8221;|||&#8221; global_colors_info=&#8221;{}&#8221; custom_padding__hover=&#8221;|||&#8221;][et_pb_text _builder_version=&#8221;4.16&#8243; global_colors_info=&#8221;{}&#8221;]<\/p>\n<p>Formularz kontaktowy:<\/p>\n<p>[\/et_pb_text][et_pb_contact_form email=&#8221;redakcja@ursustv.pl&#8221; module_id=&#8221;et_pb_contact_form_0&#8243; _builder_version=&#8221;4.27.4&#8243; _unique_id=&#8221;e3bfd7e6-aefd-4c73-a506-3c60a5105875&#8243; global_colors_info=&#8221;{}&#8221;][et_pb_contact_field field_id=&#8221;Nazwa&#8221; field_title=&#8221;Nazwa&#8221; _builder_version=&#8221;4.16&#8243; form_field_font=&#8221;||||||||&#8221; use_border_color=&#8221;off&#8221; global_colors_info=&#8221;{}&#8221; button_text_size__hover_enabled=&#8221;off&#8221; button_one_text_size__hover_enabled=&#8221;off&#8221; button_two_text_size__hover_enabled=&#8221;off&#8221; button_text_color__hover_enabled=&#8221;off&#8221; button_one_text_color__hover_enabled=&#8221;off&#8221; button_two_text_color__hover_enabled=&#8221;off&#8221; button_border_width__hover_enabled=&#8221;off&#8221; button_one_border_width__hover_enabled=&#8221;off&#8221; button_two_border_width__hover_enabled=&#8221;off&#8221; button_border_color__hover_enabled=&#8221;off&#8221; button_one_border_color__hover_enabled=&#8221;off&#8221; button_two_border_color__hover_enabled=&#8221;off&#8221; button_border_radius__hover_enabled=&#8221;off&#8221; button_one_border_radius__hover_enabled=&#8221;off&#8221; button_two_border_radius__hover_enabled=&#8221;off&#8221; button_letter_spacing__hover_enabled=&#8221;off&#8221; button_one_letter_spacing__hover_enabled=&#8221;off&#8221; button_two_letter_spacing__hover_enabled=&#8221;off&#8221; button_bg_color__hover_enabled=&#8221;off&#8221; button_one_bg_color__hover_enabled=&#8221;off&#8221; button_two_bg_color__hover_enabled=&#8221;off&#8221;][\/et_pb_contact_field][et_pb_contact_field field_id=&#8221;Email&#8221; field_title=&#8221;Adres mejlowy&#8221; field_type=&#8221;email&#8221; _builder_version=&#8221;4.16&#8243; global_colors_info=&#8221;{}&#8221; button_text_size__hover_enabled=&#8221;off&#8221; button_one_text_size__hover_enabled=&#8221;off&#8221; button_two_text_size__hover_enabled=&#8221;off&#8221; button_text_color__hover_enabled=&#8221;off&#8221; button_one_text_color__hover_enabled=&#8221;off&#8221; button_two_text_color__hover_enabled=&#8221;off&#8221; button_border_width__hover_enabled=&#8221;off&#8221; button_one_border_width__hover_enabled=&#8221;off&#8221; button_two_border_width__hover_enabled=&#8221;off&#8221; button_border_color__hover_enabled=&#8221;off&#8221; button_one_border_color__hover_enabled=&#8221;off&#8221; button_two_border_color__hover_enabled=&#8221;off&#8221; button_border_radius__hover_enabled=&#8221;off&#8221; button_one_border_radius__hover_enabled=&#8221;off&#8221; button_two_border_radius__hover_enabled=&#8221;off&#8221; button_letter_spacing__hover_enabled=&#8221;off&#8221; button_one_letter_spacing__hover_enabled=&#8221;off&#8221; button_two_letter_spacing__hover_enabled=&#8221;off&#8221; button_bg_color__hover_enabled=&#8221;off&#8221; button_one_bg_color__hover_enabled=&#8221;off&#8221; button_two_bg_color__hover_enabled=&#8221;off&#8221;][\/et_pb_contact_field][et_pb_contact_field field_id=&#8221;Wiadomo\u015b\u0107&#8221; field_title=&#8221;Wiadomo\u015b\u0107&#8221; field_type=&#8221;text&#8221; fullwidth_field=&#8221;on&#8221; _builder_version=&#8221;4.16&#8243; form_field_font=&#8221;||||||||&#8221; use_border_color=&#8221;off&#8221; global_colors_info=&#8221;{}&#8221; button_text_size__hover_enabled=&#8221;off&#8221; button_one_text_size__hover_enabled=&#8221;off&#8221; button_two_text_size__hover_enabled=&#8221;off&#8221; button_text_color__hover_enabled=&#8221;off&#8221; button_one_text_color__hover_enabled=&#8221;off&#8221; button_two_text_color__hover_enabled=&#8221;off&#8221; button_border_width__hover_enabled=&#8221;off&#8221; button_one_border_width__hover_enabled=&#8221;off&#8221; button_two_border_width__hover_enabled=&#8221;off&#8221; button_border_color__hover_enabled=&#8221;off&#8221; button_one_border_color__hover_enabled=&#8221;off&#8221; button_two_border_color__hover_enabled=&#8221;off&#8221; button_border_radius__hover_enabled=&#8221;off&#8221; button_one_border_radius__hover_enabled=&#8221;off&#8221; button_two_border_radius__hover_enabled=&#8221;off&#8221; button_letter_spacing__hover_enabled=&#8221;off&#8221; button_one_letter_spacing__hover_enabled=&#8221;off&#8221; button_two_letter_spacing__hover_enabled=&#8221;off&#8221; button_bg_color__hover_enabled=&#8221;off&#8221; button_one_bg_color__hover_enabled=&#8221;off&#8221; button_two_bg_color__hover_enabled=&#8221;off&#8221;][\/et_pb_contact_field][\/et_pb_contact_form][\/et_pb_column][\/et_pb_row][et_pb_row column_structure=&#8221;1_2,1_2&#8243; _builder_version=&#8221;4.27.4&#8243; global_colors_info=&#8221;{}&#8221;][et_pb_column type=&#8221;1_2&#8243; _builder_version=&#8221;4.16&#8243; custom_padding=&#8221;|||&#8221; global_colors_info=&#8221;{}&#8221; custom_padding__hover=&#8221;|||&#8221;][et_pb_text _builder_version=&#8221;4.16&#8243; global_colors_info=&#8221;{}&#8221;]<\/p>\n<p><span>Jeste\u015b dziennikark\u0105\/dziennikarzem lub marzysz o karierze dziennikarskiej? Chcesz rozwija\u0107 sw\u00f3j warsztat w pr\u0119\u017cnie rozwijaj\u0105cym si\u0119 portalu, wsp\u00f3\u0142pracuj\u0105c z m\u0142od\u0105, pe\u0142n\u0105 energii ekip\u0105? Chcia\u0142aby\u015b rozpocz\u0105\u0107 przygod\u0119 w bran\u017cy medi\u00f3w internetowych? Ta <strong>oferta wsp\u00f3\u0142pracy<\/strong> jest w\u0142a\u015bnie dla Ciebie! Odezwij si\u0119 do nas na mail redakcyjny!<\/span><\/p>\n<p>[\/et_pb_text][\/et_pb_column][et_pb_column type=&#8221;1_2&#8243; _builder_version=&#8221;4.16&#8243; custom_padding=&#8221;|||&#8221; global_colors_info=&#8221;{}&#8221; custom_padding__hover=&#8221;|||&#8221;][et_pb_text _builder_version=&#8221;4.27.4&#8243; custom_padding=&#8221;||27px|||&#8221; global_colors_info=&#8221;{}&#8221;]<\/p>\n<p>Je\u017celi by\u0142e\u015b \u015bwiadkiem niecodziennego zdarzenia &#8211; poinformuj nas!<\/p>\n<p>Je\u017celi chcesz zainteresowa\u0107 nas <strong>tematem<\/strong> i zaproponowa\u0107 materia\u0142 lub artyku\u0142 &#8211; napisz do nas!<\/p>\n<p>[\/et_pb_text][\/et_pb_column][\/et_pb_row][\/et_pb_section]<\/p>\n","protected":false},"excerpt":{"rendered":"<p>Kontakt z redakcj\u0105: redakcja@ursustv.pl Dzia\u0142 Marketingu: reklama@ursustv.pl Je\u017celi jeste\u015b zainteresowany u\u017cyciem naszych materia\u0142\u00f3w do w\u0142asnych cel\u00f3w prosimy o kontakt! Je\u015bli uwa\u017casz, \u017ce to co dzieje si\u0119 na twojej ulicy czy w\u015br\u00f3d twoich znajomych jest warte pokazania innym \u2013 nie wahaj si\u0119 poinformuj nas. &nbsp; Ch\u0119tnie obejmiemy patronatem medialnym ciekawe imprezy i inicjatywy. Je\u015bli organizujecie Pa\u0144stwo [&hellip;]<\/p>\n","protected":false},"author":1,"featured_media":0,"parent":0,"menu_order":0,"comment_status":"closed","ping_status":"open","template":"","meta":{"_et_pb_use_builder":"on","_et_pb_old_content":"","_et_gb_content_width":"","_exactmetrics_skip_tracking":false,"_exactmetrics_sitenote_active":false,"_exactmetrics_sitenote_note":"","_exactmetrics_sitenote_category":0,"footnotes":""},"class_list":["post-118","page","type-page","status-publish","hentry"],"yoast_head":"<!-- This site is optimized with the Yoast SEO plugin v24.2 - https:\/\/yoast.com\/wordpress\/plugins\/seo\/ -->\n<title>Kontakt - UrsusTV<\/title>\n<meta name=\"robots\" content=\"index, follow, max-snippet:-1, max-image-preview:large, max-video-preview:-1\" \/>\n<link rel=\"canonical\" href=\"https:\/\/ursustv.pl\/index.php\/kontakt\/\" \/>\n<meta property=\"og:locale\" content=\"pl_PL\" \/>\n<meta property=\"og:type\" content=\"article\" \/>\n<meta property=\"og:title\" content=\"Kontakt - UrsusTV\" \/>\n<meta property=\"og:description\" content=\"Kontakt z redakcj\u0105: redakcja@ursustv.pl Dzia\u0142 Marketingu: reklama@ursustv.pl Je\u017celi jeste\u015b zainteresowany u\u017cyciem naszych materia\u0142\u00f3w do w\u0142asnych cel\u00f3w prosimy o kontakt! Je\u015bli uwa\u017casz, \u017ce to co dzieje si\u0119 na twojej ulicy czy w\u015br\u00f3d twoich znajomych jest warte pokazania innym \u2013 nie wahaj si\u0119 poinformuj nas. &nbsp; Ch\u0119tnie obejmiemy patronatem medialnym ciekawe imprezy i inicjatywy. Je\u015bli organizujecie Pa\u0144stwo [&hellip;]\" \/>\n<meta property=\"og:url\" content=\"https:\/\/ursustv.pl\/index.php\/kontakt\/\" \/>\n<meta property=\"og:site_name\" content=\"UrsusTV\" \/>\n<meta property=\"article:publisher\" content=\"https:\/\/www.facebook.com\/Ursustvpl\/\" \/>\n<meta property=\"article:modified_time\" content=\"2025-01-12T15:09:40+00:00\" \/>\n<meta name=\"twitter:card\" content=\"summary_large_image\" \/>\n<meta name=\"twitter:site\" content=\"@UrsusTVpl\" \/>\n<meta name=\"twitter:label1\" content=\"Szacowany czas czytania\" \/>\n\t<meta name=\"twitter:data1\" content=\"5 minut\" \/>\n<script type=\"application\/ld+json\" class=\"yoast-schema-graph\">{\"@context\":\"https:\/\/schema.org\",\"@graph\":[{\"@type\":\"WebPage\",\"@id\":\"https:\/\/ursustv.pl\/index.php\/kontakt\/\",\"url\":\"https:\/\/ursustv.pl\/index.php\/kontakt\/\",\"name\":\"Kontakt - UrsusTV\",\"isPartOf\":{\"@id\":\"https:\/\/ursustv.pl\/#website\"},\"datePublished\":\"2017-11-14T15:10:08+00:00\",\"dateModified\":\"2025-01-12T15:09:40+00:00\",\"breadcrumb\":{\"@id\":\"https:\/\/ursustv.pl\/index.php\/kontakt\/#breadcrumb\"},\"inLanguage\":\"pl-PL\",\"potentialAction\":[{\"@type\":\"ReadAction\",\"target\":[\"https:\/\/ursustv.pl\/index.php\/kontakt\/\"]}]},{\"@type\":\"BreadcrumbList\",\"@id\":\"https:\/\/ursustv.pl\/index.php\/kontakt\/#breadcrumb\",\"itemListElement\":[{\"@type\":\"ListItem\",\"position\":1,\"name\":\"Strona g\u0142\u00f3wna\",\"item\":\"https:\/\/ursustv.pl\/\"},{\"@type\":\"ListItem\",\"position\":2,\"name\":\"Kontakt\"}]},{\"@type\":\"WebSite\",\"@id\":\"https:\/\/ursustv.pl\/#website\",\"url\":\"https:\/\/ursustv.pl\/\",\"name\":\"UrsusTV\",\"description\":\"Tylko w UrsusTV najwa\u017cniejsze informacje z \u017cycia Dzielnicy.\",\"publisher\":{\"@id\":\"https:\/\/ursustv.pl\/#organization\"},\"potentialAction\":[{\"@type\":\"SearchAction\",\"target\":{\"@type\":\"EntryPoint\",\"urlTemplate\":\"https:\/\/ursustv.pl\/?s={search_term_string}\"},\"query-input\":{\"@type\":\"PropertyValueSpecification\",\"valueRequired\":true,\"valueName\":\"search_term_string\"}}],\"inLanguage\":\"pl-PL\"},{\"@type\":\"Organization\",\"@id\":\"https:\/\/ursustv.pl\/#organization\",\"name\":\"UrsusTV.pl\",\"url\":\"https:\/\/ursustv.pl\/\",\"logo\":{\"@type\":\"ImageObject\",\"inLanguage\":\"pl-PL\",\"@id\":\"https:\/\/ursustv.pl\/#\/schema\/logo\/image\/\",\"url\":\"https:\/\/ursustv.pl\/wp-content\/uploads\/2017\/11\/ursus-tv-1.png\",\"contentUrl\":\"https:\/\/ursustv.pl\/wp-content\/uploads\/2017\/11\/ursus-tv-1.png\",\"width\":300,\"height\":142,\"caption\":\"UrsusTV.pl\"},\"image\":{\"@id\":\"https:\/\/ursustv.pl\/#\/schema\/logo\/image\/\"},\"sameAs\":[\"https:\/\/www.facebook.com\/Ursustvpl\/\",\"https:\/\/x.com\/UrsusTVpl\"]}]}<\/script>\n<!-- \/ Yoast SEO plugin. -->","yoast_head_json":{"title":"Kontakt - UrsusTV","robots":{"index":"index","follow":"follow","max-snippet":"max-snippet:-1","max-image-preview":"max-image-preview:large","max-video-preview":"max-video-preview:-1"},"canonical":"https:\/\/ursustv.pl\/index.php\/kontakt\/","og_locale":"pl_PL","og_type":"article","og_title":"Kontakt - UrsusTV","og_description":"Kontakt z redakcj\u0105: redakcja@ursustv.pl Dzia\u0142 Marketingu: reklama@ursustv.pl Je\u017celi jeste\u015b zainteresowany u\u017cyciem naszych materia\u0142\u00f3w do w\u0142asnych cel\u00f3w prosimy o kontakt! Je\u015bli uwa\u017casz, \u017ce to co dzieje si\u0119 na twojej ulicy czy w\u015br\u00f3d twoich znajomych jest warte pokazania innym \u2013 nie wahaj si\u0119 poinformuj nas. &nbsp; Ch\u0119tnie obejmiemy patronatem medialnym ciekawe imprezy i inicjatywy. Je\u015bli organizujecie Pa\u0144stwo [&hellip;]","og_url":"https:\/\/ursustv.pl\/index.php\/kontakt\/","og_site_name":"UrsusTV","article_publisher":"https:\/\/www.facebook.com\/Ursustvpl\/","article_modified_time":"2025-01-12T15:09:40+00:00","twitter_card":"summary_large_image","twitter_site":"@UrsusTVpl","twitter_misc":{"Szacowany czas czytania":"5 minut"},"schema":{"@context":"https:\/\/schema.org","@graph":[{"@type":"WebPage","@id":"https:\/\/ursustv.pl\/index.php\/kontakt\/","url":"https:\/\/ursustv.pl\/index.php\/kontakt\/","name":"Kontakt - UrsusTV","isPartOf":{"@id":"https:\/\/ursustv.pl\/#website"},"datePublished":"2017-11-14T15:10:08+00:00","dateModified":"2025-01-12T15:09:40+00:00","breadcrumb":{"@id":"https:\/\/ursustv.pl\/index.php\/kontakt\/#breadcrumb"},"inLanguage":"pl-PL","potentialAction":[{"@type":"ReadAction","target":["https:\/\/ursustv.pl\/index.php\/kontakt\/"]}]},{"@type":"BreadcrumbList","@id":"https:\/\/ursustv.pl\/index.php\/kontakt\/#breadcrumb","itemListElement":[{"@type":"ListItem","position":1,"name":"Strona g\u0142\u00f3wna","item":"https:\/\/ursustv.pl\/"},{"@type":"ListItem","position":2,"name":"Kontakt"}]},{"@type":"WebSite","@id":"https:\/\/ursustv.pl\/#website","url":"https:\/\/ursustv.pl\/","name":"UrsusTV","description":"Tylko w UrsusTV najwa\u017cniejsze informacje z \u017cycia Dzielnicy.","publisher":{"@id":"https:\/\/ursustv.pl\/#organization"},"potentialAction":[{"@type":"SearchAction","target":{"@type":"EntryPoint","urlTemplate":"https:\/\/ursustv.pl\/?s={search_term_string}"},"query-input":{"@type":"PropertyValueSpecification","valueRequired":true,"valueName":"search_term_string"}}],"inLanguage":"pl-PL"},{"@type":"Organization","@id":"https:\/\/ursustv.pl\/#organization","name":"UrsusTV.pl","url":"https:\/\/ursustv.pl\/","logo":{"@type":"ImageObject","inLanguage":"pl-PL","@id":"https:\/\/ursustv.pl\/#\/schema\/logo\/image\/","url":"https:\/\/ursustv.pl\/wp-content\/uploads\/2017\/11\/ursus-tv-1.png","contentUrl":"https:\/\/ursustv.pl\/wp-content\/uploads\/2017\/11\/ursus-tv-1.png","width":300,"height":142,"caption":"UrsusTV.pl"},"image":{"@id":"https:\/\/ursustv.pl\/#\/schema\/logo\/image\/"},"sameAs":["https:\/\/www.facebook.com\/Ursustvpl\/","https:\/\/x.com\/UrsusTVpl"]}]}},"_links":{"self":[{"href":"https:\/\/ursustv.pl\/index.php\/wp-json\/wp\/v2\/pages\/118","targetHints":{"allow":["GET"]}}],"collection":[{"href":"https:\/\/ursustv.pl\/index.php\/wp-json\/wp\/v2\/pages"}],"about":[{"href":"https:\/\/ursustv.pl\/index.php\/wp-json\/wp\/v2\/types\/page"}],"author":[{"embeddable":true,"href":"https:\/\/ursustv.pl\/index.php\/wp-json\/wp\/v2\/users\/1"}],"replies":[{"embeddable":true,"href":"https:\/\/ursustv.pl\/index.php\/wp-json\/wp\/v2\/comments?post=118"}],"version-history":[{"count":12,"href":"https:\/\/ursustv.pl\/index.php\/wp-json\/wp\/v2\/pages\/118\/revisions"}],"predecessor-version":[{"id":23902,"href":"https:\/\/ursustv.pl\/index.php\/wp-json\/wp\/v2\/pages\/118\/revisions\/23902"}],"wp:attachment":[{"href":"https:\/\/ursustv.pl\/index.php\/wp-json\/wp\/v2\/media?parent=118"}],"curies":[{"name":"wp","href":"https:\/\/api.w.org\/{rel}","templated":true}]}}