{"id":75,"date":"2017-11-14T11:52:06","date_gmt":"2017-11-14T10:52:06","guid":{"rendered":"http:\/\/ursustv.pl\/nowa\/?page_id=75"},"modified":"2025-01-12T12:18:47","modified_gmt":"2025-01-12T11:18:47","slug":"telewizja-online","status":"publish","type":"page","link":"https:\/\/ursustv.pl\/","title":{"rendered":"Telewizja Online"},"content":{"rendered":"<p>[et_pb_section fb_built=&#8221;1&#8243; module_class=&#8221;slajder&#8221; _builder_version=&#8221;3.0.85&#8243; background_color=&#8221;#1b441f&#8221; use_background_color_gradient=&#8221;on&#8221; background_color_gradient_start=&#8221;#1b441f&#8221; background_color_gradient_end=&#8221;#ffffff&#8221; background_image=&#8221;https:\/\/ursustv.pl\/wp-content\/uploads\/2019\/03\/Green-Background-38-1920&#215;1200.jpg&#8221; custom_padding=&#8221;33px|0px|35px|0px&#8221;][et_pb_row custom_padding=&#8221;80px|0px|0px|0px&#8221; _builder_version=&#8221;3.0.47&#8243; background_size=&#8221;initial&#8221; background_position=&#8221;top_left&#8221; background_repeat=&#8221;repeat&#8221;][et_pb_column type=&#8221;3_4&#8243; _builder_version=&#8221;3.0.47&#8243;][et_pb_text _builder_version=&#8221;3.0.85&#8243;]<div class=\"epyt-gallery\" data-currpage=\"1\" id=\"epyt_gallery_51856\"><iframe loading=\"lazy\"  id=\"_ytid_63892\"  width=\"1080\" height=\"608\"  data-origwidth=\"1080\" data-origheight=\"608\" src=\"https:\/\/www.youtube.com\/embed\/fxBUiqaPjkc?enablejsapi=1&autoplay=0&cc_load_policy=0&cc_lang_pref=&iv_load_policy=1&loop=0&modestbranding=0&rel=1&fs=1&playsinline=0&autohide=2&theme=dark&color=red&controls=1&\" class=\"__youtube_prefs__  no-lazyload\" title=\"YouTube player\"  data-epytgalleryid=\"epyt_gallery_51856\"  allow=\"fullscreen; accelerometer; autoplay; clipboard-write; encrypted-media; gyroscope; picture-in-picture\" allowfullscreen data-no-lazy=\"1\" data-skipgform_ajax_framebjll=\"\"><\/iframe><div class=\"epyt-gallery-list\"><div class=\"epyt-pagination \"><div tabindex=\"0\" role=\"button\" class=\"epyt-pagebutton epyt-prev  hide \" data-playlistid=\"PLwIBYhypuAyYhqLjTkaGyQiGQXq_i6DoF\" data-pagesize=\"5\" data-pagetoken=\"\" data-epcolumns=\"5\" data-showtitle=\"1\" data-showpaging=\"1\" data-autonext=\"0\" data-thumbplay=\"1\"><div class=\"epyt-arrow\">&laquo;<\/div> <div>Prev<\/div><\/div><div class=\"epyt-pagenumbers \"><div class=\"epyt-current\">1<\/div><div class=\"epyt-pageseparator\"> \/ <\/div><div class=\"epyt-totalpages\">95<\/div><\/div><div tabindex=\"0\" role=\"button\" class=\"epyt-pagebutton epyt-next\" data-playlistid=\"PLwIBYhypuAyYhqLjTkaGyQiGQXq_i6DoF\" data-pagesize=\"5\" data-pagetoken=\"EAAaHlBUOkNBVWlFRFZCUmpsRE5qZzBOa0pFT0VWRk1UQQ\" data-epcolumns=\"5\" data-showtitle=\"1\" data-showpaging=\"1\" data-autonext=\"0\" data-thumbplay=\"1\"><div>Next<\/div> <div class=\"epyt-arrow\">&raquo;<\/div><\/div><div class=\"epyt-loader\"><img loading=\"lazy\" decoding=\"async\" alt=\"loading\" width=\"16\" height=\"11\" src=\"https:\/\/ursustv.pl\/wp-content\/plugins\/youtube-embed-plus\/images\/gallery-page-loader.gif\"><\/div><\/div><div class=\"epyt-gallery-allthumbs  epyt-cols-5 \"><div tabindex=\"0\" role=\"button\" data-videoid=\"fxBUiqaPjkc\" class=\"epyt-gallery-thumb\"><div class=\"epyt-gallery-img-box\"><div class=\"epyt-gallery-img\" style=\"background-image: url(https:\/\/i.ytimg.com\/vi\/fxBUiqaPjkc\/hqdefault.jpg)\"><div class=\"epyt-gallery-playhover\"><img loading=\"lazy\" decoding=\"async\" alt=\"play\" class=\"epyt-play-img\" width=\"30\" height=\"23\" src=\"https:\/\/ursustv.pl\/wp-content\/plugins\/youtube-embed-plus\/images\/playhover.png\" data-no-lazy=\"1\" data-skipgform_ajax_framebjll=\"\" \/><div class=\"epyt-gallery-playcrutch\"><\/div><\/div><\/div><\/div><div class=\"epyt-gallery-title\">Ciszej nad Ursusem<\/div><\/div><div tabindex=\"0\" role=\"button\" data-videoid=\"ikGs0ZPIEHQ\" class=\"epyt-gallery-thumb\"><div class=\"epyt-gallery-img-box\"><div class=\"epyt-gallery-img\" style=\"background-image: url(https:\/\/i.ytimg.com\/vi\/ikGs0ZPIEHQ\/hqdefault.jpg)\"><div class=\"epyt-gallery-playhover\"><img loading=\"lazy\" decoding=\"async\" alt=\"play\" class=\"epyt-play-img\" width=\"30\" height=\"23\" src=\"https:\/\/ursustv.pl\/wp-content\/plugins\/youtube-embed-plus\/images\/playhover.png\" data-no-lazy=\"1\" data-skipgform_ajax_framebjll=\"\" \/><div class=\"epyt-gallery-playcrutch\"><\/div><\/div><\/div><\/div><div class=\"epyt-gallery-title\">Turniej Szachowy UKS 14 w Ursusie<\/div><\/div><div tabindex=\"0\" role=\"button\" data-videoid=\"zZ3DYN2e2GY\" class=\"epyt-gallery-thumb\"><div class=\"epyt-gallery-img-box\"><div class=\"epyt-gallery-img\" style=\"background-image: url(https:\/\/i.ytimg.com\/vi\/zZ3DYN2e2GY\/hqdefault.jpg)\"><div class=\"epyt-gallery-playhover\"><img loading=\"lazy\" decoding=\"async\" alt=\"play\" class=\"epyt-play-img\" width=\"30\" height=\"23\" src=\"https:\/\/ursustv.pl\/wp-content\/plugins\/youtube-embed-plus\/images\/playhover.png\" data-no-lazy=\"1\" data-skipgform_ajax_framebjll=\"\" \/><div class=\"epyt-gallery-playcrutch\"><\/div><\/div><\/div><\/div><div class=\"epyt-gallery-title\">Co dalej z Domem Kultury Arsus<\/div><\/div><div tabindex=\"0\" role=\"button\" data-videoid=\"CoPDna4npws\" class=\"epyt-gallery-thumb\"><div class=\"epyt-gallery-img-box\"><div class=\"epyt-gallery-img\" style=\"background-image: url(https:\/\/i.ytimg.com\/vi\/CoPDna4npws\/hqdefault.jpg)\"><div class=\"epyt-gallery-playhover\"><img loading=\"lazy\" decoding=\"async\" alt=\"play\" class=\"epyt-play-img\" width=\"30\" height=\"23\" src=\"https:\/\/ursustv.pl\/wp-content\/plugins\/youtube-embed-plus\/images\/playhover.png\" data-no-lazy=\"1\" data-skipgform_ajax_framebjll=\"\" \/><div class=\"epyt-gallery-playcrutch\"><\/div><\/div><\/div><\/div><div class=\"epyt-gallery-title\">Miko\u0142aj w Ursusie<\/div><\/div><div tabindex=\"0\" role=\"button\" data-videoid=\"8oX6mAaWycI\" class=\"epyt-gallery-thumb\"><div class=\"epyt-gallery-img-box\"><div class=\"epyt-gallery-img\" style=\"background-image: url(https:\/\/i.ytimg.com\/vi\/8oX6mAaWycI\/hqdefault.jpg)\"><div class=\"epyt-gallery-playhover\"><img loading=\"lazy\" decoding=\"async\" alt=\"play\" class=\"epyt-play-img\" width=\"30\" height=\"23\" src=\"https:\/\/ursustv.pl\/wp-content\/plugins\/youtube-embed-plus\/images\/playhover.png\" data-no-lazy=\"1\" data-skipgform_ajax_framebjll=\"\" \/><div class=\"epyt-gallery-playcrutch\"><\/div><\/div><\/div><\/div><div class=\"epyt-gallery-title\">XIII festiwal piosenki z dobrym tekstem w Ursusie.<\/div><\/div><div class=\"epyt-gallery-rowbreak\"><\/div><div class=\"epyt-gallery-clear\"><\/div><\/div><div class=\"epyt-pagination \"><div tabindex=\"0\" role=\"button\" class=\"epyt-pagebutton epyt-prev  hide \" data-playlistid=\"PLwIBYhypuAyYhqLjTkaGyQiGQXq_i6DoF\" data-pagesize=\"5\" data-pagetoken=\"\" data-epcolumns=\"5\" data-showtitle=\"1\" data-showpaging=\"1\" data-autonext=\"0\" data-thumbplay=\"1\"><div class=\"epyt-arrow\">&laquo;<\/div> <div>Prev<\/div><\/div><div class=\"epyt-pagenumbers \"><div class=\"epyt-current\">1<\/div><div class=\"epyt-pageseparator\"> \/ <\/div><div class=\"epyt-totalpages\">95<\/div><\/div><div tabindex=\"0\" role=\"button\" class=\"epyt-pagebutton epyt-next\" data-playlistid=\"PLwIBYhypuAyYhqLjTkaGyQiGQXq_i6DoF\" data-pagesize=\"5\" data-pagetoken=\"EAAaHlBUOkNBVWlFRFZCUmpsRE5qZzBOa0pFT0VWRk1UQQ\" data-epcolumns=\"5\" data-showtitle=\"1\" data-showpaging=\"1\" data-autonext=\"0\" data-thumbplay=\"1\"><div>Next<\/div> <div class=\"epyt-arrow\">&raquo;<\/div><\/div><div class=\"epyt-loader\"><img loading=\"lazy\" decoding=\"async\" alt=\"loading\" width=\"16\" height=\"11\" src=\"https:\/\/ursustv.pl\/wp-content\/plugins\/youtube-embed-plus\/images\/gallery-page-loader.gif\"><\/div><\/div><\/div><\/div>[\/et_pb_text][\/et_pb_column][et_pb_column type=&#8221;1_4&#8243; _builder_version=&#8221;3.0.47&#8243;][et_pb_code _builder_version=&#8221;3.19.17&#8243; custom_margin=&#8221;|||30px&#8221;]<iframe loading=\"lazy\" src=\"https:\/\/www.facebook.com\/plugins\/page.php?href=https%3A%2F%2Fwww.facebook.com%2Fursustvpl&#038;tabs=timeline&#038;width=340&#038;height=500&#038;small_header=false&#038;adapt_container_width=true&#038;hide_cover=false&#038;show_facepile=false&#038;appId=594209530707326\" width=\"340\" height=\"500\" style=\"border:none;overflow:hidden\" scrolling=\"no\" frameborder=\"0\" allowTransparency=\"true\" allow=\"encrypted-media\"><\/iframe>[\/et_pb_code][\/et_pb_column][\/et_pb_row][\/et_pb_section]<\/p>\n","protected":false},"excerpt":{"rendered":"<div class=\"epyt-gallery\" data-currpage=\"1\" id=\"epyt_gallery_40389\"><iframe loading=\"lazy\"  id=\"_ytid_26330\"  width=\"1080\" height=\"608\"  data-origwidth=\"1080\" data-origheight=\"608\" src=\"https:\/\/www.youtube.com\/embed\/fxBUiqaPjkc?enablejsapi=1&autoplay=0&cc_load_policy=0&cc_lang_pref=&iv_load_policy=1&loop=0&modestbranding=0&rel=1&fs=1&playsinline=0&autohide=2&theme=dark&color=red&controls=1&\" class=\"__youtube_prefs__  no-lazyload\" title=\"YouTube player\"  data-epytgalleryid=\"epyt_gallery_40389\"  allow=\"fullscreen; accelerometer; autoplay; clipboard-write; encrypted-media; gyroscope; picture-in-picture\" allowfullscreen data-no-lazy=\"1\" data-skipgform_ajax_framebjll=\"\"><\/iframe><div class=\"epyt-gallery-list\"><div class=\"epyt-pagination \"><div tabindex=\"0\" role=\"button\" class=\"epyt-pagebutton epyt-prev  hide \" data-playlistid=\"PLwIBYhypuAyYhqLjTkaGyQiGQXq_i6DoF\" data-pagesize=\"5\" data-pagetoken=\"\" data-epcolumns=\"5\" data-showtitle=\"1\" data-showpaging=\"1\" data-autonext=\"0\" data-thumbplay=\"1\"><div class=\"epyt-arrow\">&laquo;<\/div> <div>Prev<\/div><\/div><div class=\"epyt-pagenumbers \"><div class=\"epyt-current\">1<\/div><div class=\"epyt-pageseparator\"> \/ <\/div><div class=\"epyt-totalpages\">95<\/div><\/div><div tabindex=\"0\" role=\"button\" class=\"epyt-pagebutton epyt-next\" data-playlistid=\"PLwIBYhypuAyYhqLjTkaGyQiGQXq_i6DoF\" data-pagesize=\"5\" data-pagetoken=\"EAAaHlBUOkNBVWlFRFZCUmpsRE5qZzBOa0pFT0VWRk1UQQ\" data-epcolumns=\"5\" data-showtitle=\"1\" data-showpaging=\"1\" data-autonext=\"0\" data-thumbplay=\"1\"><div>Next<\/div> <div class=\"epyt-arrow\">&raquo;<\/div><\/div><div class=\"epyt-loader\"><img loading=\"lazy\" decoding=\"async\" alt=\"loading\" width=\"16\" height=\"11\" src=\"https:\/\/ursustv.pl\/wp-content\/plugins\/youtube-embed-plus\/images\/gallery-page-loader.gif\"><\/div><\/div><div class=\"epyt-gallery-allthumbs  epyt-cols-5 \"><div tabindex=\"0\" role=\"button\" data-videoid=\"fxBUiqaPjkc\" class=\"epyt-gallery-thumb\"><div class=\"epyt-gallery-img-box\"><div class=\"epyt-gallery-img\" style=\"background-image: url(https:\/\/i.ytimg.com\/vi\/fxBUiqaPjkc\/hqdefault.jpg)\"><div class=\"epyt-gallery-playhover\"><img loading=\"lazy\" decoding=\"async\" alt=\"play\" class=\"epyt-play-img\" width=\"30\" height=\"23\" src=\"https:\/\/ursustv.pl\/wp-content\/plugins\/youtube-embed-plus\/images\/playhover.png\" data-no-lazy=\"1\" data-skipgform_ajax_framebjll=\"\" \/><div class=\"epyt-gallery-playcrutch\"><\/div><\/div><\/div><\/div><div class=\"epyt-gallery-title\">Ciszej nad Ursusem<\/div><\/div><div tabindex=\"0\" role=\"button\" data-videoid=\"ikGs0ZPIEHQ\" class=\"epyt-gallery-thumb\"><div class=\"epyt-gallery-img-box\"><div class=\"epyt-gallery-img\" style=\"background-image: url(https:\/\/i.ytimg.com\/vi\/ikGs0ZPIEHQ\/hqdefault.jpg)\"><div class=\"epyt-gallery-playhover\"><img loading=\"lazy\" decoding=\"async\" alt=\"play\" class=\"epyt-play-img\" width=\"30\" height=\"23\" src=\"https:\/\/ursustv.pl\/wp-content\/plugins\/youtube-embed-plus\/images\/playhover.png\" data-no-lazy=\"1\" data-skipgform_ajax_framebjll=\"\" \/><div class=\"epyt-gallery-playcrutch\"><\/div><\/div><\/div><\/div><div class=\"epyt-gallery-title\">Turniej Szachowy UKS 14 w Ursusie<\/div><\/div><div tabindex=\"0\" role=\"button\" data-videoid=\"zZ3DYN2e2GY\" class=\"epyt-gallery-thumb\"><div class=\"epyt-gallery-img-box\"><div class=\"epyt-gallery-img\" style=\"background-image: url(https:\/\/i.ytimg.com\/vi\/zZ3DYN2e2GY\/hqdefault.jpg)\"><div class=\"epyt-gallery-playhover\"><img loading=\"lazy\" decoding=\"async\" alt=\"play\" class=\"epyt-play-img\" width=\"30\" height=\"23\" src=\"https:\/\/ursustv.pl\/wp-content\/plugins\/youtube-embed-plus\/images\/playhover.png\" data-no-lazy=\"1\" data-skipgform_ajax_framebjll=\"\" \/><div class=\"epyt-gallery-playcrutch\"><\/div><\/div><\/div><\/div><div class=\"epyt-gallery-title\">Co dalej z Domem Kultury Arsus<\/div><\/div><div tabindex=\"0\" role=\"button\" data-videoid=\"CoPDna4npws\" class=\"epyt-gallery-thumb\"><div class=\"epyt-gallery-img-box\"><div class=\"epyt-gallery-img\" style=\"background-image: url(https:\/\/i.ytimg.com\/vi\/CoPDna4npws\/hqdefault.jpg)\"><div class=\"epyt-gallery-playhover\"><img loading=\"lazy\" decoding=\"async\" alt=\"play\" class=\"epyt-play-img\" width=\"30\" height=\"23\" src=\"https:\/\/ursustv.pl\/wp-content\/plugins\/youtube-embed-plus\/images\/playhover.png\" data-no-lazy=\"1\" data-skipgform_ajax_framebjll=\"\" \/><div class=\"epyt-gallery-playcrutch\"><\/div><\/div><\/div><\/div><div class=\"epyt-gallery-title\">Miko\u0142aj w Ursusie<\/div><\/div><div tabindex=\"0\" role=\"button\" data-videoid=\"8oX6mAaWycI\" class=\"epyt-gallery-thumb\"><div class=\"epyt-gallery-img-box\"><div class=\"epyt-gallery-img\" style=\"background-image: url(https:\/\/i.ytimg.com\/vi\/8oX6mAaWycI\/hqdefault.jpg)\"><div class=\"epyt-gallery-playhover\"><img loading=\"lazy\" decoding=\"async\" alt=\"play\" class=\"epyt-play-img\" width=\"30\" height=\"23\" src=\"https:\/\/ursustv.pl\/wp-content\/plugins\/youtube-embed-plus\/images\/playhover.png\" data-no-lazy=\"1\" data-skipgform_ajax_framebjll=\"\" \/><div class=\"epyt-gallery-playcrutch\"><\/div><\/div><\/div><\/div><div class=\"epyt-gallery-title\">XIII festiwal piosenki z dobrym tekstem w Ursusie.<\/div><\/div><div class=\"epyt-gallery-rowbreak\"><\/div><div class=\"epyt-gallery-clear\"><\/div><\/div><div class=\"epyt-pagination \"><div tabindex=\"0\" role=\"button\" class=\"epyt-pagebutton epyt-prev  hide \" data-playlistid=\"PLwIBYhypuAyYhqLjTkaGyQiGQXq_i6DoF\" data-pagesize=\"5\" data-pagetoken=\"\" data-epcolumns=\"5\" data-showtitle=\"1\" data-showpaging=\"1\" data-autonext=\"0\" data-thumbplay=\"1\"><div class=\"epyt-arrow\">&laquo;<\/div> <div>Prev<\/div><\/div><div class=\"epyt-pagenumbers \"><div class=\"epyt-current\">1<\/div><div class=\"epyt-pageseparator\"> \/ <\/div><div class=\"epyt-totalpages\">95<\/div><\/div><div tabindex=\"0\" role=\"button\" class=\"epyt-pagebutton epyt-next\" data-playlistid=\"PLwIBYhypuAyYhqLjTkaGyQiGQXq_i6DoF\" data-pagesize=\"5\" data-pagetoken=\"EAAaHlBUOkNBVWlFRFZCUmpsRE5qZzBOa0pFT0VWRk1UQQ\" data-epcolumns=\"5\" data-showtitle=\"1\" data-showpaging=\"1\" data-autonext=\"0\" data-thumbplay=\"1\"><div>Next<\/div> <div class=\"epyt-arrow\">&raquo;<\/div><\/div><div class=\"epyt-loader\"><img loading=\"lazy\" decoding=\"async\" alt=\"loading\" width=\"16\" height=\"11\" src=\"https:\/\/ursustv.pl\/wp-content\/plugins\/youtube-embed-plus\/images\/gallery-page-loader.gif\"><\/div><\/div><\/div><\/div>\n","protected":false},"author":1,"featured_media":0,"parent":0,"menu_order":0,"comment_status":"closed","ping_status":"open","template":"","meta":{"_et_pb_use_builder":"on","_et_pb_old_content":"","_et_gb_content_width":"","_exactmetrics_skip_tracking":false,"_exactmetrics_sitenote_active":false,"_exactmetrics_sitenote_note":"","_exactmetrics_sitenote_category":0,"footnotes":""},"class_list":["post-75","page","type-page","status-publish","hentry"],"yoast_head":"<!-- This site is optimized with the Yoast SEO plugin v24.2 - https:\/\/yoast.com\/wordpress\/plugins\/seo\/ -->\n<title>Telewizja Online - UrsusTV<\/title>\n<meta name=\"description\" content=\"Tylko w UrsusTV.pl najwa\u017cniejsze informacje z \u017cycia Dzielnicy. Wszystko o czym powinien wiedzie\u0107 ka\u017cdy mieszkaniec naszej Dzielnicy.\" \/>\n<meta name=\"robots\" content=\"index, follow, max-snippet:-1, max-image-preview:large, max-video-preview:-1\" \/>\n<link rel=\"canonical\" href=\"https:\/\/ursustv.pl\/\" \/>\n<meta property=\"og:locale\" content=\"pl_PL\" \/>\n<meta property=\"og:type\" content=\"article\" \/>\n<meta property=\"og:title\" content=\"Telewizja Online - UrsusTV\" \/>\n<meta property=\"og:description\" content=\"Tylko w UrsusTV.pl najwa\u017cniejsze informacje z \u017cycia Dzielnicy. Wszystko o czym powinien wiedzie\u0107 ka\u017cdy mieszkaniec naszej Dzielnicy.\" \/>\n<meta property=\"og:url\" content=\"https:\/\/ursustv.pl\/\" \/>\n<meta property=\"og:site_name\" content=\"UrsusTV\" \/>\n<meta property=\"article:publisher\" content=\"https:\/\/www.facebook.com\/Ursustvpl\/\" \/>\n<meta property=\"article:modified_time\" content=\"2025-01-12T11:18:47+00:00\" \/>\n<meta name=\"twitter:card\" content=\"summary_large_image\" \/>\n<meta name=\"twitter:site\" content=\"@UrsusTVpl\" \/>\n<meta name=\"twitter:label1\" content=\"Szacowany czas czytania\" \/>\n\t<meta name=\"twitter:data1\" content=\"1 minuta\" \/>\n<script type=\"application\/ld+json\" class=\"yoast-schema-graph\">{\"@context\":\"https:\/\/schema.org\",\"@graph\":[{\"@type\":\"WebPage\",\"@id\":\"https:\/\/ursustv.pl\/\",\"url\":\"https:\/\/ursustv.pl\/\",\"name\":\"Telewizja Online - UrsusTV\",\"isPartOf\":{\"@id\":\"https:\/\/ursustv.pl\/#website\"},\"datePublished\":\"2017-11-14T10:52:06+00:00\",\"dateModified\":\"2025-01-12T11:18:47+00:00\",\"description\":\"Tylko w UrsusTV.pl najwa\u017cniejsze informacje z \u017cycia Dzielnicy. Wszystko o czym powinien wiedzie\u0107 ka\u017cdy mieszkaniec naszej Dzielnicy.\",\"breadcrumb\":{\"@id\":\"https:\/\/ursustv.pl\/#breadcrumb\"},\"inLanguage\":\"pl-PL\",\"potentialAction\":[{\"@type\":\"ReadAction\",\"target\":[\"https:\/\/ursustv.pl\/\"]}]},{\"@type\":\"BreadcrumbList\",\"@id\":\"https:\/\/ursustv.pl\/#breadcrumb\",\"itemListElement\":[{\"@type\":\"ListItem\",\"position\":1,\"name\":\"Strona g\u0142\u00f3wna\",\"item\":\"https:\/\/ursustv.pl\/\"},{\"@type\":\"ListItem\",\"position\":2,\"name\":\"Telewizja Online\"}]},{\"@type\":\"WebSite\",\"@id\":\"https:\/\/ursustv.pl\/#website\",\"url\":\"https:\/\/ursustv.pl\/\",\"name\":\"UrsusTV\",\"description\":\"Tylko w UrsusTV najwa\u017cniejsze informacje z \u017cycia Dzielnicy.\",\"publisher\":{\"@id\":\"https:\/\/ursustv.pl\/#organization\"},\"potentialAction\":[{\"@type\":\"SearchAction\",\"target\":{\"@type\":\"EntryPoint\",\"urlTemplate\":\"https:\/\/ursustv.pl\/?s={search_term_string}\"},\"query-input\":{\"@type\":\"PropertyValueSpecification\",\"valueRequired\":true,\"valueName\":\"search_term_string\"}}],\"inLanguage\":\"pl-PL\"},{\"@type\":\"Organization\",\"@id\":\"https:\/\/ursustv.pl\/#organization\",\"name\":\"UrsusTV.pl\",\"url\":\"https:\/\/ursustv.pl\/\",\"logo\":{\"@type\":\"ImageObject\",\"inLanguage\":\"pl-PL\",\"@id\":\"https:\/\/ursustv.pl\/#\/schema\/logo\/image\/\",\"url\":\"https:\/\/ursustv.pl\/wp-content\/uploads\/2017\/11\/ursus-tv-1.png\",\"contentUrl\":\"https:\/\/ursustv.pl\/wp-content\/uploads\/2017\/11\/ursus-tv-1.png\",\"width\":300,\"height\":142,\"caption\":\"UrsusTV.pl\"},\"image\":{\"@id\":\"https:\/\/ursustv.pl\/#\/schema\/logo\/image\/\"},\"sameAs\":[\"https:\/\/www.facebook.com\/Ursustvpl\/\",\"https:\/\/x.com\/UrsusTVpl\"]}]}<\/script>\n<!-- \/ Yoast SEO plugin. -->","yoast_head_json":{"title":"Telewizja Online - UrsusTV","description":"Tylko w UrsusTV.pl najwa\u017cniejsze informacje z \u017cycia Dzielnicy. Wszystko o czym powinien wiedzie\u0107 ka\u017cdy mieszkaniec naszej Dzielnicy.","robots":{"index":"index","follow":"follow","max-snippet":"max-snippet:-1","max-image-preview":"max-image-preview:large","max-video-preview":"max-video-preview:-1"},"canonical":"https:\/\/ursustv.pl\/","og_locale":"pl_PL","og_type":"article","og_title":"Telewizja Online - UrsusTV","og_description":"Tylko w UrsusTV.pl najwa\u017cniejsze informacje z \u017cycia Dzielnicy. Wszystko o czym powinien wiedzie\u0107 ka\u017cdy mieszkaniec naszej Dzielnicy.","og_url":"https:\/\/ursustv.pl\/","og_site_name":"UrsusTV","article_publisher":"https:\/\/www.facebook.com\/Ursustvpl\/","article_modified_time":"2025-01-12T11:18:47+00:00","twitter_card":"summary_large_image","twitter_site":"@UrsusTVpl","twitter_misc":{"Szacowany czas czytania":"1 minuta"},"schema":{"@context":"https:\/\/schema.org","@graph":[{"@type":"WebPage","@id":"https:\/\/ursustv.pl\/","url":"https:\/\/ursustv.pl\/","name":"Telewizja Online - UrsusTV","isPartOf":{"@id":"https:\/\/ursustv.pl\/#website"},"datePublished":"2017-11-14T10:52:06+00:00","dateModified":"2025-01-12T11:18:47+00:00","description":"Tylko w UrsusTV.pl najwa\u017cniejsze informacje z \u017cycia Dzielnicy. Wszystko o czym powinien wiedzie\u0107 ka\u017cdy mieszkaniec naszej Dzielnicy.","breadcrumb":{"@id":"https:\/\/ursustv.pl\/#breadcrumb"},"inLanguage":"pl-PL","potentialAction":[{"@type":"ReadAction","target":["https:\/\/ursustv.pl\/"]}]},{"@type":"BreadcrumbList","@id":"https:\/\/ursustv.pl\/#breadcrumb","itemListElement":[{"@type":"ListItem","position":1,"name":"Strona g\u0142\u00f3wna","item":"https:\/\/ursustv.pl\/"},{"@type":"ListItem","position":2,"name":"Telewizja Online"}]},{"@type":"WebSite","@id":"https:\/\/ursustv.pl\/#website","url":"https:\/\/ursustv.pl\/","name":"UrsusTV","description":"Tylko w UrsusTV najwa\u017cniejsze informacje z \u017cycia Dzielnicy.","publisher":{"@id":"https:\/\/ursustv.pl\/#organization"},"potentialAction":[{"@type":"SearchAction","target":{"@type":"EntryPoint","urlTemplate":"https:\/\/ursustv.pl\/?s={search_term_string}"},"query-input":{"@type":"PropertyValueSpecification","valueRequired":true,"valueName":"search_term_string"}}],"inLanguage":"pl-PL"},{"@type":"Organization","@id":"https:\/\/ursustv.pl\/#organization","name":"UrsusTV.pl","url":"https:\/\/ursustv.pl\/","logo":{"@type":"ImageObject","inLanguage":"pl-PL","@id":"https:\/\/ursustv.pl\/#\/schema\/logo\/image\/","url":"https:\/\/ursustv.pl\/wp-content\/uploads\/2017\/11\/ursus-tv-1.png","contentUrl":"https:\/\/ursustv.pl\/wp-content\/uploads\/2017\/11\/ursus-tv-1.png","width":300,"height":142,"caption":"UrsusTV.pl"},"image":{"@id":"https:\/\/ursustv.pl\/#\/schema\/logo\/image\/"},"sameAs":["https:\/\/www.facebook.com\/Ursustvpl\/","https:\/\/x.com\/UrsusTVpl"]}]}},"_links":{"self":[{"href":"https:\/\/ursustv.pl\/index.php\/wp-json\/wp\/v2\/pages\/75","targetHints":{"allow":["GET"]}}],"collection":[{"href":"https:\/\/ursustv.pl\/index.php\/wp-json\/wp\/v2\/pages"}],"about":[{"href":"https:\/\/ursustv.pl\/index.php\/wp-json\/wp\/v2\/types\/page"}],"author":[{"embeddable":true,"href":"https:\/\/ursustv.pl\/index.php\/wp-json\/wp\/v2\/users\/1"}],"replies":[{"embeddable":true,"href":"https:\/\/ursustv.pl\/index.php\/wp-json\/wp\/v2\/comments?post=75"}],"version-history":[{"count":5,"href":"https:\/\/ursustv.pl\/index.php\/wp-json\/wp\/v2\/pages\/75\/revisions"}],"predecessor-version":[{"id":6178,"href":"https:\/\/ursustv.pl\/index.php\/wp-json\/wp\/v2\/pages\/75\/revisions\/6178"}],"wp:attachment":[{"href":"https:\/\/ursustv.pl\/index.php\/wp-json\/wp\/v2\/media?parent=75"}],"curies":[{"name":"wp","href":"https:\/\/api.w.org\/{rel}","templated":true}]}}